{"id":150,"date":"2016-05-10T03:48:21","date_gmt":"2016-05-10T03:48:21","guid":{"rendered":"https:\/\/oneedenchiringuito.com\/front-page\/"},"modified":"2025-07-01T16:46:59","modified_gmt":"2025-07-01T14:46:59","slug":"front-page","status":"publish","type":"page","link":"https:\/\/oneedenchiringuito.com\/es\/","title":{"rendered":"Rel\u00e1jate y disfruta de la fiesta aqu\u00ed en  One Eden Chiringuito"},"content":{"rendered":"\n<p>Camina por las sinuosas calles de La Alcaidesa, hasta su amplia costa con m\u00e1s de 4 km de playas doradas. Situado en primera l\u00ednea de playa, a solo 2 minutos a pie del centro, encontramos el chiringuito One Eden. <\/p>\n\n\n\n<p>En 2024 necesitamos duplicar toda esa diversi\u00f3n que perdimos el a\u00f1o pasado y precisamente diversi\u00f3n es lo que encontrar\u00e1s aqu\u00ed. <\/p>\n\n\n\n<p>Nuestros cocteleros experimentados trabajan duramente para ofrecer una incre\u00edble selecci\u00f3n de c\u00f3cteles con innovadoras recetas diarias. Y en cuanto a nuestros chefs, tienen listas sus parrillas para ofrecer algunos de sus famosos platos espa\u00f1oles solo para ti.<\/p>\n\n\n\n<p><\/p>\n\n\n\n<div style=\"height:125px\" aria-hidden=\"true\" class=\"wp-block-spacer\"><\/div>\n\n\n\n<h2 class=\"has-text-align-center wp-block-heading\"><strong>HORARIO DE APERTURA<\/strong><\/h2>\n\n\n\n<div style=\"height:10px\" aria-hidden=\"true\" class=\"wp-block-spacer\"><\/div>\n\n\n\n<p class=\"has-text-align-center\"> <\/p>\n\n\n\n<p class=\"has-text-align-center\">TUMBONAS Y BAR:<\/p>\n\n\n\n<p class=\"has-text-align-center\">de LUNES a JUEVES de 11:00 a 22:00<\/p>\n\n\n\n<p class=\"has-text-align-center\">de VIERNES a S\u00c1BADO de 11:00 a 23:30<\/p>\n\n\n\n<p class=\"has-text-align-center\">DOMINGO de 11:00 a 22:30<\/p>\n\n\n\n<p class=\"has-text-align-center\">RESTAURANTE:<\/p>\n\n\n\n<p class=\"has-text-align-center\">de LUNES a JUEVES de 13:00 a 20:30<\/p>\n\n\n\n<p class=\"has-text-align-center\">de VIERNES a DOMINGO de 13:00 a 22:00<\/p>\n\n\n\n<p class=\"has-text-align-center\"> <\/p>\n\n\n\n<p><\/p>\n\n\n\n<div style=\"height:73px\" aria-hidden=\"true\" class=\"wp-block-spacer\"><\/div>\n\n\n\n<div align=\"center\"><style>.button {display: inline-block;padding: 15px 25px;font-size: 24px;cursor: pointer;text-align: center;text-decoration: none;outline: none;color: #fff;background-color: #6F5438;border: none;border-radius: 15px;}.button:hover {background-color: #2b2a2a}<\/style><a class=\"button\" href=\"https:\/\/reservation.dish.co\/widget\/hydra-a72fbfb7-e77e-4131-a525-d46b896d7951\" data-glf-location=\"\" data-glf-ruid=\"oneedenchiringuitorestaurantelaalcaidesa\" style=\"margin-left: 15px;cursor:pointer;\" id=\"glfButton0\" target=\"_blank\" rel=\"noopener\"><label>\u00a1RESERVA YA TU MESA!<\/label><\/a><\/div>\n\n\n\n<p><\/p>\n\n\n\n<p><\/p>\n","protected":false},"excerpt":{"rendered":"<p>Camina por las sinuosas calles de La Alcaidesa, hasta su amplia costa con m\u00e1s de 4 km de playas doradas. Situado en primera l\u00ednea de playa, a solo 2 minutos a pie del centro, encontramos el chiringuito One Eden. En 2024 necesitamos duplicar toda esa diversi\u00f3n que perdimos el a\u00f1o pasado y precisamente diversi\u00f3n es [&hellip;]<\/p>\n","protected":false},"author":1,"featured_media":322,"parent":0,"menu_order":0,"comment_status":"closed","ping_status":"closed","template":"","meta":{"footnotes":""},"class_list":["post-150","page","type-page","status-publish","has-post-thumbnail","hentry"],"acf":[],"yoast_head":"<!-- This site is optimized with the Yoast SEO plugin v27.5 - https:\/\/yoast.com\/product\/yoast-seo-wordpress\/ -->\n<title>One Eden Chiringuito \u00b7 Come. Bebe. Rel\u00e1jate.... Repite<\/title>\n<meta name=\"description\" content=\"Rel\u00e1jate y disfruta de la fiesta aqu\u00ed en One Eden Chiringuito. Disfruta de la mejor comida en la costa de Alcaidesa en el mejor Chiringuito.\" \/>\n<meta name=\"robots\" content=\"index, follow, max-snippet:-1, max-image-preview:large, max-video-preview:-1\" \/>\n<link rel=\"canonical\" href=\"https:\/\/oneedenchiringuito.com\/es\/\" \/>\n<meta property=\"og:locale\" content=\"es_ES\" \/>\n<meta property=\"og:type\" content=\"article\" \/>\n<meta property=\"og:title\" content=\"One Eden Chiringuito \u00b7 Come. Bebe. Rel\u00e1jate.... Repite\" \/>\n<meta property=\"og:description\" content=\"Rel\u00e1jate y disfruta de la fiesta aqu\u00ed en One Eden Chiringuito. Disfruta de la mejor comida en la costa de Alcaidesa en el mejor Chiringuito.\" \/>\n<meta property=\"og:url\" content=\"https:\/\/oneedenchiringuito.com\/es\/\" \/>\n<meta property=\"og:site_name\" content=\"One Eden Chiringuito\" \/>\n<meta property=\"article:modified_time\" content=\"2025-07-01T14:46:59+00:00\" \/>\n<meta property=\"og:image\" content=\"https:\/\/oneedenchiringuito.com\/wp-content\/uploads\/2021\/10\/first-screen-min.jpg\" \/>\n\t<meta property=\"og:image:width\" content=\"1920\" \/>\n\t<meta property=\"og:image:height\" content=\"901\" \/>\n\t<meta property=\"og:image:type\" content=\"image\/jpeg\" \/>\n<meta name=\"twitter:card\" content=\"summary_large_image\" \/>\n<!-- \/ Yoast SEO plugin. -->","yoast_head_json":{"title":"One Eden Chiringuito \u00b7 Come. Bebe. Rel\u00e1jate.... Repite","description":"Rel\u00e1jate y disfruta de la fiesta aqu\u00ed en One Eden Chiringuito. Disfruta de la mejor comida en la costa de Alcaidesa en el mejor Chiringuito.","robots":{"index":"index","follow":"follow","max-snippet":"max-snippet:-1","max-image-preview":"max-image-preview:large","max-video-preview":"max-video-preview:-1"},"canonical":"https:\/\/oneedenchiringuito.com\/es\/","og_locale":"es_ES","og_type":"article","og_title":"One Eden Chiringuito \u00b7 Come. Bebe. Rel\u00e1jate.... Repite","og_description":"Rel\u00e1jate y disfruta de la fiesta aqu\u00ed en One Eden Chiringuito. Disfruta de la mejor comida en la costa de Alcaidesa en el mejor Chiringuito.","og_url":"https:\/\/oneedenchiringuito.com\/es\/","og_site_name":"One Eden Chiringuito","article_modified_time":"2025-07-01T14:46:59+00:00","og_image":[{"width":1920,"height":901,"url":"https:\/\/oneedenchiringuito.com\/wp-content\/uploads\/2021\/10\/first-screen-min.jpg","type":"image\/jpeg"}],"twitter_card":"summary_large_image","schema":{"@context":"https:\/\/schema.org","@graph":[{"@type":"WebPage","@id":"https:\/\/oneedenchiringuito.com\/es\/","url":"https:\/\/oneedenchiringuito.com\/es\/","name":"One Eden Chiringuito \u00b7 Come. Bebe. Rel\u00e1jate.... Repite","isPartOf":{"@id":"https:\/\/oneedenchiringuito.com\/es\/#website"},"primaryImageOfPage":{"@id":"https:\/\/oneedenchiringuito.com\/es\/#primaryimage"},"image":{"@id":"https:\/\/oneedenchiringuito.com\/es\/#primaryimage"},"thumbnailUrl":"https:\/\/oneedenchiringuito.com\/wp-content\/uploads\/2021\/10\/first-screen-min.jpg","datePublished":"2016-05-10T03:48:21+00:00","dateModified":"2025-07-01T14:46:59+00:00","description":"Rel\u00e1jate y disfruta de la fiesta aqu\u00ed en One Eden Chiringuito. Disfruta de la mejor comida en la costa de Alcaidesa en el mejor Chiringuito.","breadcrumb":{"@id":"https:\/\/oneedenchiringuito.com\/es\/#breadcrumb"},"inLanguage":"es","potentialAction":[{"@type":"ReadAction","target":["https:\/\/oneedenchiringuito.com\/es\/"]}]},{"@type":"ImageObject","inLanguage":"es","@id":"https:\/\/oneedenchiringuito.com\/es\/#primaryimage","url":"https:\/\/oneedenchiringuito.com\/wp-content\/uploads\/2021\/10\/first-screen-min.jpg","contentUrl":"https:\/\/oneedenchiringuito.com\/wp-content\/uploads\/2021\/10\/first-screen-min.jpg","width":1920,"height":901},{"@type":"BreadcrumbList","@id":"https:\/\/oneedenchiringuito.com\/es\/#breadcrumb","itemListElement":[{"@type":"ListItem","position":1,"name":"Home","item":"https:\/\/oneedenchiringuito.com\/es\/"},{"@type":"ListItem","position":2,"name":"Rel\u00e1jate y disfruta de la fiesta aqu\u00ed en One Eden Chiringuito"}]},{"@type":"WebSite","@id":"https:\/\/oneedenchiringuito.com\/es\/#website","url":"https:\/\/oneedenchiringuito.com\/es\/","name":"One Eden Chiringuito","description":"\u00c9rase un verano...","potentialAction":[{"@type":"SearchAction","target":{"@type":"EntryPoint","urlTemplate":"https:\/\/oneedenchiringuito.com\/es\/?s={search_term_string}"},"query-input":{"@type":"PropertyValueSpecification","valueRequired":true,"valueName":"search_term_string"}}],"inLanguage":"es"}]}},"_links":{"self":[{"href":"https:\/\/oneedenchiringuito.com\/es\/wp-json\/wp\/v2\/pages\/150","targetHints":{"allow":["GET"]}}],"collection":[{"href":"https:\/\/oneedenchiringuito.com\/es\/wp-json\/wp\/v2\/pages"}],"about":[{"href":"https:\/\/oneedenchiringuito.com\/es\/wp-json\/wp\/v2\/types\/page"}],"author":[{"embeddable":true,"href":"https:\/\/oneedenchiringuito.com\/es\/wp-json\/wp\/v2\/users\/1"}],"replies":[{"embeddable":true,"href":"https:\/\/oneedenchiringuito.com\/es\/wp-json\/wp\/v2\/comments?post=150"}],"version-history":[{"count":74,"href":"https:\/\/oneedenchiringuito.com\/es\/wp-json\/wp\/v2\/pages\/150\/revisions"}],"predecessor-version":[{"id":569,"href":"https:\/\/oneedenchiringuito.com\/es\/wp-json\/wp\/v2\/pages\/150\/revisions\/569"}],"wp:featuredmedia":[{"embeddable":true,"href":"https:\/\/oneedenchiringuito.com\/es\/wp-json\/wp\/v2\/media\/322"}],"wp:attachment":[{"href":"https:\/\/oneedenchiringuito.com\/es\/wp-json\/wp\/v2\/media?parent=150"}],"curies":[{"name":"wp","href":"https:\/\/api.w.org\/{rel}","templated":true}]}}